{"id":7,"date":"2025-02-15T15:20:32","date_gmt":"2025-02-15T15:20:32","guid":{"rendered":"https:\/\/inno-drinks.de\/?page_id=7"},"modified":"2025-02-15T15:20:32","modified_gmt":"2025-02-15T15:20:32","slug":"inno-drinks-wir-kuemmern-uns-um-alles-rund-um-getraenke-fuer-sie","status":"publish","type":"page","link":"https:\/\/inno-drinks.de\/index.php\/inno-drinks-wir-kuemmern-uns-um-alles-rund-um-getraenke-fuer-sie\/","title":{"rendered":"Inno- drinks, wir k\u00fcmmern uns um alles rund um Getr\u00e4nke f\u00fcr Sie."},"content":{"rendered":"\n<p>Produktentwicklung <\/p>\n\n\n\n<p>Herstellung <\/p>\n\n\n\n<p>Verpackung <\/p>\n\n\n\n<p>Logistik<\/p>\n\n\n\n<div class=\"wp-block-cover alignfull has-accent-1-color has-text-color has-link-color wp-elements-f76c29ff16f7571a2251542f85212f3f\" style=\"margin-top:0;margin-bottom:0;padding-top:200px;padding-right:var(--wp--preset--spacing--50);padding-bottom:200px;padding-left:var(--wp--preset--spacing--50);min-height:100vh;aspect-ratio:unset;\"><span aria-hidden=\"true\" class=\"wp-block-cover__background has-background-dim-10 has-background-dim\"><\/span><img loading=\"lazy\" decoding=\"async\" width=\"2560\" height=\"1819\" class=\"wp-block-cover__image-background wp-image-11\" alt=\"Foto eines Felds voller Blumen, einem blauen Himmel und einem Baum.\" src=\"https:\/\/inno-drinks.de\/wp-content\/uploads\/2025\/02\/coming-soon-bg-image-scaled.webp\" data-object-fit=\"cover\" srcset=\"https:\/\/inno-drinks.de\/wp-content\/uploads\/2025\/02\/coming-soon-bg-image-scaled.webp 2560w, https:\/\/inno-drinks.de\/wp-content\/uploads\/2025\/02\/coming-soon-bg-image-300x213.webp 300w, https:\/\/inno-drinks.de\/wp-content\/uploads\/2025\/02\/coming-soon-bg-image-1024x727.webp 1024w, https:\/\/inno-drinks.de\/wp-content\/uploads\/2025\/02\/coming-soon-bg-image-768x546.webp 768w, https:\/\/inno-drinks.de\/wp-content\/uploads\/2025\/02\/coming-soon-bg-image-1536x1091.webp 1536w, https:\/\/inno-drinks.de\/wp-content\/uploads\/2025\/02\/coming-soon-bg-image-2048x1455.webp 2048w\" sizes=\"auto, (max-width: 2560px) 100vw, 2560px\" \/><div class=\"wp-block-cover__inner-container has-global-padding is-layout-constrained wp-container-core-cover-is-layout-d47c59a2 wp-block-cover-is-layout-constrained\">\n<div class=\"wp-block-group is-vertical is-content-justification-center is-layout-flex wp-container-core-group-is-layout-ce155fab wp-block-group-is-layout-flex\">\n<h2 class=\"wp-block-heading has-text-align-center is-style-text-annotation is-style-text-annotation--1\">Veranstaltung<\/h2>\n<\/div>\n\n\n\n<h3 class=\"wp-block-heading has-text-align-center has-xx-large-font-size\">Etwas Gro\u00dfartiges steht kurz bevor<\/h3>\n\n\n\n<p class=\"has-text-align-center\">Abonniere, um benachrichtigt zu werden, wenn unsere Website fertig ist.<\/p>\n\n\n\n<div class=\"wp-block-buttons is-content-justification-center is-layout-flex wp-container-core-buttons-is-layout-a89b3969 wp-block-buttons-is-layout-flex\">\n<div class=\"wp-block-button is-style-fill\"><a class=\"wp-block-button__link has-contrast-color has-accent-1-background-color has-text-color has-background has-link-color has-border-color has-accent-1-border-color wp-element-button\">Abonnieren<\/a><\/div>\n<\/div>\n<\/div><\/div>\n","protected":false},"excerpt":{"rendered":"<p>Produktentwicklung Herstellung Verpackung Logistik<\/p>\n","protected":false},"author":1,"featured_media":0,"parent":0,"menu_order":0,"comment_status":"closed","ping_status":"closed","template":"","meta":{"footnotes":""},"class_list":["post-7","page","type-page","status-publish","hentry"],"_links":{"self":[{"href":"https:\/\/inno-drinks.de\/index.php\/wp-json\/wp\/v2\/pages\/7","targetHints":{"allow":["GET"]}}],"collection":[{"href":"https:\/\/inno-drinks.de\/index.php\/wp-json\/wp\/v2\/pages"}],"about":[{"href":"https:\/\/inno-drinks.de\/index.php\/wp-json\/wp\/v2\/types\/page"}],"author":[{"embeddable":true,"href":"https:\/\/inno-drinks.de\/index.php\/wp-json\/wp\/v2\/users\/1"}],"replies":[{"embeddable":true,"href":"https:\/\/inno-drinks.de\/index.php\/wp-json\/wp\/v2\/comments?post=7"}],"version-history":[{"count":3,"href":"https:\/\/inno-drinks.de\/index.php\/wp-json\/wp\/v2\/pages\/7\/revisions"}],"predecessor-version":[{"id":12,"href":"https:\/\/inno-drinks.de\/index.php\/wp-json\/wp\/v2\/pages\/7\/revisions\/12"}],"wp:attachment":[{"href":"https:\/\/inno-drinks.de\/index.php\/wp-json\/wp\/v2\/media?parent=7"}],"curies":[{"name":"wp","href":"https:\/\/api.w.org\/{rel}","templated":true}]}}